{"id":3617,"date":"2022-05-02T14:10:36","date_gmt":"2022-05-02T14:10:36","guid":{"rendered":"https:\/\/on-idea.com\/mas-informacion-sobre-las-cookies\/"},"modified":"2022-05-11T08:51:32","modified_gmt":"2022-05-11T08:51:32","slug":"mes-informacio-sobre-les-cookies","status":"publish","type":"page","link":"https:\/\/on-idea.com\/ca\/mes-informacio-sobre-les-cookies\/","title":{"rendered":"M\u00e9s informaci\u00f3 sobre les cookies"},"content":{"rendered":"<div class=\"mkd-separator-holder clearfix  separador_top mkd-separator-center mkd-separator-full-width\">\n\t<div class=\"mkd-separator\" style=\"border-bottom-width: 0px;margin-bottom: 100px\"><\/div>\n<\/div>\n\n<h2>M\u00e9s informaci\u00f3 sobre les cookies<\/h2>\n<h2><span style=\"color: #000000;\">Qu\u00e8 \u00e9s una cookie?<\/span><\/h2>\n<p><span style=\"color: #000000;\">Una <em>cookie<\/em> \u00e9s un fitxer de text inofensiu que s&#8217;emmagatzema en el seu navegador quan visita gaireb\u00e9 qualsevol p\u00e0gina web. La utilitat de la <em>cookie<\/em> \u00e9s que la web sigui capa\u00e7 de recordar la seva visita quan torni a navegar per aquesta p\u00e0gina. Encara que molta gent no ho sap les cookies es porten utilitzant des de fa 20 anys, quan van apar\u00e8ixer els primers navegadors per a la World Wide Web.<\/span><\/p>\n<h2>Qu\u00e8 NO \u00c9S una cookie?<\/h2>\n<p><span style=\"color: #000000;\">No \u00e9s un virus, ni un troi\u00e0, ni un cuc, ni spam, ni spyware, ni obre finestres pop-up.<\/span><\/p>\n<h2>Quina informaci\u00f3 emmagatzema una cookie?<\/h2>\n<p><span style=\"color: #000000;\">Les cookies no solen emmagatzemar informaci\u00f3 sensible sobre vost\u00e8, com a targetes de cr\u00e8dit o dades banc\u00e0ries, fotografies, el seu DNI o informaci\u00f3 personal, etc. Les dades que guarden s\u00f3n de car\u00e0cter t\u00e8cnic, prefer\u00e8ncies personals, personalitzaci\u00f3 de continguts, etc.<\/span><\/p>\n<p><span style=\"color: #000000;\">El servidor web no li associa a vost\u00e8 com a persona si no al seu navegador web. De fet, si vost\u00e8 navega habitualment amb Internet Explorer i prova de navegar per la mateixa web amb Firefox o Chrome veur\u00e0 que la web no s&#8217;adona que \u00e9s vost\u00e8 la mateixa persona perqu\u00e8 en realitat est\u00e0 associant al navegador, no a la persona.<\/span><\/p>\n<h2>Quin tipus de cookies existeixen?<\/h2>\n<ul>\n<li><span style=\"color: #000000;\"><em>Cookies t\u00e8cniques:<\/em> S\u00f3n les m\u00e9s elementals i permeten, entre altres coses, saber quan est\u00e0 navegant un hum\u00e0 o una aplicaci\u00f3 automatitzada, quan navega un usuari an\u00f2nim i un registrat, tasques b\u00e0siques per al funcionament de qualsevol web din\u00e0mica.<\/span><\/li>\n<li><span style=\"color: #000000;\"><em>Cookies d&#8217;an\u00e0lisi:<\/em> Recullen informaci\u00f3 sobre la mena de navegaci\u00f3 que est\u00e0 realitzant, les seccions que m\u00e9s utilitza, productes consultats, franja hor\u00e0ria d&#8217;\u00fas, idioma, etc.<\/span><\/li>\n<li><span style=\"color: #000000;\"><em>Cookies publicit\u00e0ries:<\/em> Mostren publicitat en funci\u00f3 de la seva navegaci\u00f3, el seu pa\u00eds de proced\u00e8ncia, idioma, etc.<\/span><\/li>\n<\/ul>\n<h2>Qu\u00e8 s\u00f3n les cookies pr\u00f2pies i les de tercers?<\/h2>\n<p><span style=\"color: #000000;\">Les <em>cookies<\/em> pr\u00f2pies s\u00f3n les generades per la p\u00e0gina que est\u00e0 visitant i les de tercers s\u00f3n les generades per serveis o prove\u00efdors externs com Facebook, Twitter, Google, etc.<\/span><\/p>\n<h2>Qu\u00e8 ocorre si desactivo les cookies?<\/h2>\n<p><span style=\"color: #000000;\">Perqu\u00e8 entengui l&#8217;abast que pot tenir desactivar les cookies li vam mostrar uns exemples:<\/span><\/p>\n<ul>\n<li><span style=\"color: #000000;\">No podr\u00e0 compartir continguts d&#8217;aquesta web en Facebook, Twitter o qualsevol altra xarxa social.<\/span><\/li>\n<li><span style=\"color: #000000;\">El lloc web no podr\u00e0 adaptar els continguts a les seves prefer\u00e8ncies personals, com sol oc\u00f3rrer a les botigues en l\u00ednia.<\/span><\/li>\n<li><span style=\"color: #000000;\">No podr\u00e0 accedir a l&#8217;\u00e0rea personal d&#8217;aquesta web, com per exemple<em>El meu compte<\/em>, o <em>El meu perfil<\/em> o <em>Les meves comandes<\/em>.<\/span><\/li>\n<li><span style=\"color: #000000;\">Botigues en l\u00ednia: Li ser\u00e0 impossible realitzar compres en l\u00ednia, hauran de ser telef\u00f2niques o visitant la botiga f\u00edsica si \u00e9s que disposa d&#8217;ella.<\/span><\/li>\n<li><span style=\"color: #000000;\">No ser\u00e0 possible personalitzar les seves prefer\u00e8ncies geogr\u00e0fiques com a franja hor\u00e0ria, divisa o idioma.<\/span><\/li>\n<li><span style=\"color: #000000;\">El sitio web no podr\u00e1 realizar anal\u00edticas web sobre visitantes y tr\u00e1fico en la web, lo que dificultar\u00e1 que la web sea competitiva.<\/span><\/li>\n<li><span style=\"color: #000000;\">No podr\u00e1 escribir en el blog, no podr\u00e1 subir fotos, publicar comentarios, valorar o puntuar contenidos. La web tampoco podr\u00e1 saber si usted es un humano o una aplicaci\u00f3n automatizada que publica <em>spam<\/em>.<\/span><\/li>\n<li><span style=\"color: #000000;\">No es podr\u00e0 mostrar publicitat sectoritzada, la qual cosa reduir\u00e0 els ingressos publicitaris de la web.<\/span><\/li>\n<li><span style=\"color: #000000;\">Totes les xarxes socials usen <em>cookies<\/em>, si les desactiva no podr\u00e0 utilitzar cap xarxa social.<\/span><\/li>\n<\/ul>\n<h2><span style=\"color: #000000;\"><br \/>\nEs poden eliminar les<em>cookies<\/em>?<\/span><\/h2>\n<p><span style=\"color: #000000;\">S\u00ed. No sols eliminar, tamb\u00e9 bloquejar, de manera general o particular per a un domini espec\u00edfic.<\/span><\/p>\n<p><span style=\"color: #000000;\">Per a eliminar les <em>cookies<\/em> d&#8217;un lloc web ha d&#8217;anar a la configuraci\u00f3 del seu navegador i all\u00ed podr\u00e0 buscar les associades al domini en q\u00fcesti\u00f3 i procedir a la seva eliminaci\u00f3.<\/span><\/p>\n<h2 id=\"navegadors\"><span style=\"color: #000000;\">Configuraci\u00f3 de <em>cookies<\/em> per als navegadors m\u00e9s polulars<\/span><\/h2>\n<p><span style=\"color: #000000;\">A continuaci\u00f3 li indiquem com accedir a una <em>cookie<\/em> determinada del navegador <b>Chrome<\/b>. Nota: aquests passos poden variar en funci\u00f3 de la versi\u00f3 del navegador:<\/span><\/p>\n<ol>\n<li><span style=\"color: #000000;\">Vagi a Configuraci\u00f3 o Prefer\u00e8ncies mitjan\u00e7ant el men\u00fa Arxiu o b\u00e9 punxant la icona de personalitzaci\u00f3 que apareix a dalt a la dreta.<\/span><\/li>\n<li><span style=\"color: #000000;\">Veur\u00e0 diferents seccions, punxi l&#8217;opci\u00f3 <em>Mostrar opcions avan\u00e7ades<\/em>.<\/span><\/li>\n<li><span style=\"color: #000000;\">Vagi a <em>Privacitat<\/em>, <em>Configuraci\u00f3 de contingut<\/em>.<\/span><\/li>\n<li><span style=\"color: #000000;\">Seleccioni <em>Totes les <em>cookies<\/em> i les dades de llocs<\/em>.<\/span><\/li>\n<li><span style=\"color: #000000;\">Apareixer\u00e0 un llistat amb totes les <em>cookies<\/em> ordenades per domini. Perqu\u00e8 li sigui m\u00e9s f\u00e0cil trobar les <em>cookies<\/em> d&#8217;un determinat domini introdueixi parcial o totalment la direcci\u00f3 en el camp <em>Buscar cookies<\/em>.<\/span><\/li>\n<li><span style=\"color: #000000;\">Despr\u00e9s de realitzar aquest filtre apareixeran en pantalla una o diverses l\u00ednies amb les <em>cookies<\/em> de la web sol\u00b7licitada. Ara nom\u00e9s ha de seleccionar-la i pr\u00e9mer la <em> X <\/em>per a procedir a la seva eliminaci\u00f3.<\/span><\/li>\n<\/ol>\n<p><span style=\"color: #000000;\">Per a accedir a la configuraci\u00f3 de <em>cookies<\/em> del navegador <b>Internet Explorer<\/b> segueixi aquests passos (poden variar en funci\u00f3 de la versi\u00f3 del navegador):<\/span><\/p>\n<ol>\n<li><span style=\"color: #000000;\">Vagi a <em>Eines<\/em>, <em>Opcions d&#8217;Internet<\/em><\/span><\/li>\n<li><span style=\"color: #000000;\">Faci clic en <em>Privacitat<\/em>.<\/span><\/li>\n<li><span style=\"color: #000000;\">Mogui el lliscador fins a ajustar el nivell de privacitat que desitgi.<\/span><\/li>\n<\/ol>\n<p><span style=\"color: #000000;\">Per a accedir a la configuraci\u00f3 de <em>cookies<\/em> del navegador <b>Firefox<\/b> segueixi aquests passos (poden variar en funci\u00f3 de la versi\u00f3 del navegador):<\/span><\/p>\n<ol>\n<li><span style=\"color: #000000;\">Vagi a <em>Opcions<\/em> o <em>Prefer\u00e8ncies<\/em> segons el seu sistema operatiu.<\/span><\/li>\n<li><span style=\"color: #000000;\">Faci clic en <em>Privacitat<\/em>.<\/span><\/li>\n<li><span style=\"color: #000000;\">En <em>Historial<\/em> tri\u00ef <em>Usar una configuraci\u00f3 personalitzada per a l&#8217;historial<\/em>.<\/span><\/li>\n<li><span style=\"color: #000000;\">Ara veur\u00e0 l&#8217;opci\u00f3 <em>Acceptar cookies<\/em>, pot activar-la o desactivar-la segons les seves prefer\u00e8ncies.<\/span><\/li>\n<\/ol>\n<p><span style=\"color: #000000;\">Per a accedir a la configuraci\u00f3 de <em>cookies<\/em> del navegador <b>Safari per a OSX<\/b> segueixi aquests passos (poden variar en funci\u00f3 de la versi\u00f3 del navegador):<\/span><\/p>\n<ol>\n<li><span style=\"color: #000000;\">Vagi a <em>Prefer\u00e8ncies<\/em>, despr\u00e9s <em>Privacitat<\/em>.<\/span><\/li>\n<li><span style=\"color: #000000;\">En aquest lloc veur\u00e0 l&#8217;opci\u00f3 <em>Bloquejar cookies<\/em> perqu\u00e8 ajusti el tipus de bloqueig que desitja realitzar.<\/span><\/li>\n<\/ol>\n<p><span style=\"color: #000000;\">Per a accedir a la configuraci\u00f3 de <em>cookies<\/em> del navegador <b>Safari per a iOS<\/b> segueixi aquests passos (poden variar en funci\u00f3 de la versi\u00f3 del navegador):<\/span><\/p>\n<ol>\n<li><span style=\"color: #000000;\">Vagi a <em>Ajustos<\/em>, despr\u00e9s <em>Safari<\/em>.<\/span><\/li>\n<li><span style=\"color: #000000;\">Vagi a <em>Privacitat i Seguretat<\/em>, veur\u00e0 l&#8217;opci\u00f3 <em>Bloquejar cookies<\/em> perqu\u00e8 ajusti el tipus de bloqueig que desitja realitzar.<\/span><\/li>\n<\/ol>\n<p><span style=\"color: #000000;\">Per a accedir a la configuraci\u00f3 de <em>cookies<\/em> del navegador per a dispositius <b>Android<\/b> segueixi aquests passos (poden variar en funci\u00f3 de la versi\u00f3 del navegador):<\/span><\/p>\n<ol>\n<li><span style=\"color: #000000;\">Executi el navegador i premi la tecla <em>Men\u00fa<\/em>, despr\u00e9s <em>Ajustos<\/em>.<\/span><\/li>\n<li><span style=\"color: #000000;\">Vagi a <em>Seguretat i Privacitat<\/em>, veur\u00e0 l&#8217;opci\u00f3 <em>Acceptar cookies<\/em> perqu\u00e8 activi o desactivi la casella.<\/span><\/li>\n<\/ol>\n<p><span style=\"color: #000000;\">Per a accedir a la configuraci\u00f3 de <em>cookies<\/em> del navegador per a dispositius <b>Windows Phone<\/b> segueixi aquests passos (poden variar en funci\u00f3 de la versi\u00f3 del navegador):<\/span><\/p>\n<ol>\n<li><span style=\"color: #000000;\">Obri <em>Internet Explorer<\/em>, despr\u00e9s <em>M\u00e9s<\/em>, despr\u00e9s <em>Configuraci\u00f3<\/em><\/span><\/li>\n<li><span style=\"color: #000000;\">Ara pot activar o desactivar la casella <em>Permetre cookies<\/em>.<\/span><\/li>\n<\/ol>\n<div align=\"center\"><span style=\"color: #000000;\"><a style=\"color: #000000;\" title=\"Pol\u00edtica de cookies\" href=\"https:\/\/on-idea.com\/ca\/politica-de-cookies\/\"><u>Tornar a Pol\u00edtica de Cookies<\/u><\/a><br \/>\n<\/span><div class=\"mkd-separator-holder clearfix  mkd-separator-center mkd-separator-full-width\">\n\t<div class=\"mkd-separator\" style=\"border-bottom-width: 0px;margin-top: 10px;margin-bottom: 60px\"><\/div>\n<\/div>\n<span style=\"color: #000000;\"><br \/>\n<\/span><\/div>\n","protected":false},"excerpt":{"rendered":"<p>M\u00e9s informaci\u00f3 sobre les cookies Qu\u00e8 \u00e9s una cookie? Una cookie \u00e9s un fitxer de text inofensiu que s&#8217;emmagatzema en el seu navegador quan visita gaireb\u00e9 qualsevol p\u00e0gina web. La utilitat de la cookie \u00e9s que la web sigui capa\u00e7 de recordar la seva visita&#8230;<\/p>\n","protected":false},"author":1,"featured_media":0,"parent":0,"menu_order":0,"comment_status":"closed","ping_status":"closed","template":"","meta":{"footnotes":""},"class_list":["post-3617","page","type-page","status-publish","hentry"],"yoast_head":"<!-- This site is optimized with the Yoast SEO plugin v27.6 - https:\/\/yoast.com\/product\/yoast-seo-wordpress\/ -->\n<title>M\u00e9s informaci\u00f3 sobre les cookies<\/title>\n<meta name=\"description\" content=\"Somos un estudio creativo de dise\u00f1o y audiovisuales. Llevamos 20 a\u00f1os creando y contando historias, d\u00e1ndoles vida y dise\u00f1ando soluciones para marcas, empresas y productos.\" \/>\n<meta name=\"robots\" content=\"index, follow, max-snippet:-1, max-image-preview:large, max-video-preview:-1\" \/>\n<link rel=\"canonical\" href=\"https:\/\/on-idea.com\/ca\/mes-informacio-sobre-les-cookies\/\" \/>\n<meta property=\"og:locale\" content=\"ca_ES\" \/>\n<meta property=\"og:type\" content=\"article\" \/>\n<meta property=\"og:title\" content=\"M\u00e9s informaci\u00f3 sobre les cookies\" \/>\n<meta property=\"og:description\" content=\"Somos un estudio creativo de dise\u00f1o y audiovisuales. Llevamos 20 a\u00f1os creando y contando historias, d\u00e1ndoles vida y dise\u00f1ando soluciones para marcas, empresas y productos.\" \/>\n<meta property=\"og:url\" content=\"https:\/\/on-idea.com\/ca\/mes-informacio-sobre-les-cookies\/\" \/>\n<meta property=\"og:site_name\" content=\"Onidea | Brands &amp; Stories\" \/>\n<meta property=\"article:publisher\" content=\"https:\/\/www.facebook.com\/onidea\/\" \/>\n<meta property=\"article:modified_time\" content=\"2022-05-11T08:51:32+00:00\" \/>\n<meta name=\"twitter:card\" content=\"summary_large_image\" \/>\n<meta name=\"twitter:label1\" content=\"Temps estimat de lectura\" \/>\n\t<meta name=\"twitter:data1\" content=\"6 minuts\" \/>\n<script type=\"application\/ld+json\" class=\"yoast-schema-graph\">{\"@context\":\"https:\\\/\\\/schema.org\",\"@graph\":[{\"@type\":\"WebPage\",\"@id\":\"https:\\\/\\\/on-idea.com\\\/ca\\\/mes-informacio-sobre-les-cookies\\\/\",\"url\":\"https:\\\/\\\/on-idea.com\\\/ca\\\/mes-informacio-sobre-les-cookies\\\/\",\"name\":\"M\u00e9s informaci\u00f3 sobre les cookies\",\"isPartOf\":{\"@id\":\"https:\\\/\\\/on-idea.com\\\/#website\"},\"datePublished\":\"2022-05-02T14:10:36+00:00\",\"dateModified\":\"2022-05-11T08:51:32+00:00\",\"description\":\"Somos un estudio creativo de dise\u00f1o y audiovisuales. Llevamos 20 a\u00f1os creando y contando historias, d\u00e1ndoles vida y dise\u00f1ando soluciones para marcas, empresas y productos.\",\"breadcrumb\":{\"@id\":\"https:\\\/\\\/on-idea.com\\\/ca\\\/mes-informacio-sobre-les-cookies\\\/#breadcrumb\"},\"inLanguage\":\"ca\",\"potentialAction\":[{\"@type\":\"ReadAction\",\"target\":[\"https:\\\/\\\/on-idea.com\\\/ca\\\/mes-informacio-sobre-les-cookies\\\/\"]}]},{\"@type\":\"BreadcrumbList\",\"@id\":\"https:\\\/\\\/on-idea.com\\\/ca\\\/mes-informacio-sobre-les-cookies\\\/#breadcrumb\",\"itemListElement\":[{\"@type\":\"ListItem\",\"position\":1,\"name\":\"Portada\",\"item\":\"https:\\\/\\\/on-idea.com\\\/ca\\\/\"},{\"@type\":\"ListItem\",\"position\":2,\"name\":\"M\u00e9s informaci\u00f3 sobre les cookies\"}]},{\"@type\":\"WebSite\",\"@id\":\"https:\\\/\\\/on-idea.com\\\/#website\",\"url\":\"https:\\\/\\\/on-idea.com\\\/\",\"name\":\"Onidea | Brands &amp; Stories\",\"description\":\"Dise\u00f1o y audiovisuales\",\"publisher\":{\"@id\":\"https:\\\/\\\/on-idea.com\\\/#organization\"},\"potentialAction\":[{\"@type\":\"SearchAction\",\"target\":{\"@type\":\"EntryPoint\",\"urlTemplate\":\"https:\\\/\\\/on-idea.com\\\/?s={search_term_string}\"},\"query-input\":{\"@type\":\"PropertyValueSpecification\",\"valueRequired\":true,\"valueName\":\"search_term_string\"}}],\"inLanguage\":\"ca\"},{\"@type\":\"Organization\",\"@id\":\"https:\\\/\\\/on-idea.com\\\/#organization\",\"name\":\"Onidea\",\"url\":\"https:\\\/\\\/on-idea.com\\\/\",\"logo\":{\"@type\":\"ImageObject\",\"inLanguage\":\"ca\",\"@id\":\"https:\\\/\\\/on-idea.com\\\/#\\\/schema\\\/logo\\\/image\\\/\",\"url\":\"https:\\\/\\\/on-idea.com\\\/wp-content\\\/uploads\\\/2022\\\/05\\\/Logo_Onidea_full_merchan_black.png\",\"contentUrl\":\"https:\\\/\\\/on-idea.com\\\/wp-content\\\/uploads\\\/2022\\\/05\\\/Logo_Onidea_full_merchan_black.png\",\"width\":7087,\"height\":1597,\"caption\":\"Onidea\"},\"image\":{\"@id\":\"https:\\\/\\\/on-idea.com\\\/#\\\/schema\\\/logo\\\/image\\\/\"},\"sameAs\":[\"https:\\\/\\\/www.facebook.com\\\/onidea\\\/\",\"https:\\\/\\\/www.instagram.com\\\/onidea_bcn\\\/\"]}]}<\/script>\n<!-- \/ Yoast SEO plugin. -->","yoast_head_json":{"title":"M\u00e9s informaci\u00f3 sobre les cookies","description":"Somos un estudio creativo de dise\u00f1o y audiovisuales. Llevamos 20 a\u00f1os creando y contando historias, d\u00e1ndoles vida y dise\u00f1ando soluciones para marcas, empresas y productos.","robots":{"index":"index","follow":"follow","max-snippet":"max-snippet:-1","max-image-preview":"max-image-preview:large","max-video-preview":"max-video-preview:-1"},"canonical":"https:\/\/on-idea.com\/ca\/mes-informacio-sobre-les-cookies\/","og_locale":"ca_ES","og_type":"article","og_title":"M\u00e9s informaci\u00f3 sobre les cookies","og_description":"Somos un estudio creativo de dise\u00f1o y audiovisuales. Llevamos 20 a\u00f1os creando y contando historias, d\u00e1ndoles vida y dise\u00f1ando soluciones para marcas, empresas y productos.","og_url":"https:\/\/on-idea.com\/ca\/mes-informacio-sobre-les-cookies\/","og_site_name":"Onidea | Brands &amp; Stories","article_publisher":"https:\/\/www.facebook.com\/onidea\/","article_modified_time":"2022-05-11T08:51:32+00:00","twitter_card":"summary_large_image","twitter_misc":{"Temps estimat de lectura":"6 minuts"},"schema":{"@context":"https:\/\/schema.org","@graph":[{"@type":"WebPage","@id":"https:\/\/on-idea.com\/ca\/mes-informacio-sobre-les-cookies\/","url":"https:\/\/on-idea.com\/ca\/mes-informacio-sobre-les-cookies\/","name":"M\u00e9s informaci\u00f3 sobre les cookies","isPartOf":{"@id":"https:\/\/on-idea.com\/#website"},"datePublished":"2022-05-02T14:10:36+00:00","dateModified":"2022-05-11T08:51:32+00:00","description":"Somos un estudio creativo de dise\u00f1o y audiovisuales. Llevamos 20 a\u00f1os creando y contando historias, d\u00e1ndoles vida y dise\u00f1ando soluciones para marcas, empresas y productos.","breadcrumb":{"@id":"https:\/\/on-idea.com\/ca\/mes-informacio-sobre-les-cookies\/#breadcrumb"},"inLanguage":"ca","potentialAction":[{"@type":"ReadAction","target":["https:\/\/on-idea.com\/ca\/mes-informacio-sobre-les-cookies\/"]}]},{"@type":"BreadcrumbList","@id":"https:\/\/on-idea.com\/ca\/mes-informacio-sobre-les-cookies\/#breadcrumb","itemListElement":[{"@type":"ListItem","position":1,"name":"Portada","item":"https:\/\/on-idea.com\/ca\/"},{"@type":"ListItem","position":2,"name":"M\u00e9s informaci\u00f3 sobre les cookies"}]},{"@type":"WebSite","@id":"https:\/\/on-idea.com\/#website","url":"https:\/\/on-idea.com\/","name":"Onidea | Brands &amp; Stories","description":"Dise\u00f1o y audiovisuales","publisher":{"@id":"https:\/\/on-idea.com\/#organization"},"potentialAction":[{"@type":"SearchAction","target":{"@type":"EntryPoint","urlTemplate":"https:\/\/on-idea.com\/?s={search_term_string}"},"query-input":{"@type":"PropertyValueSpecification","valueRequired":true,"valueName":"search_term_string"}}],"inLanguage":"ca"},{"@type":"Organization","@id":"https:\/\/on-idea.com\/#organization","name":"Onidea","url":"https:\/\/on-idea.com\/","logo":{"@type":"ImageObject","inLanguage":"ca","@id":"https:\/\/on-idea.com\/#\/schema\/logo\/image\/","url":"https:\/\/on-idea.com\/wp-content\/uploads\/2022\/05\/Logo_Onidea_full_merchan_black.png","contentUrl":"https:\/\/on-idea.com\/wp-content\/uploads\/2022\/05\/Logo_Onidea_full_merchan_black.png","width":7087,"height":1597,"caption":"Onidea"},"image":{"@id":"https:\/\/on-idea.com\/#\/schema\/logo\/image\/"},"sameAs":["https:\/\/www.facebook.com\/onidea\/","https:\/\/www.instagram.com\/onidea_bcn\/"]}]}},"_links":{"self":[{"href":"https:\/\/on-idea.com\/ca\/wp-json\/wp\/v2\/pages\/3617","targetHints":{"allow":["GET"]}}],"collection":[{"href":"https:\/\/on-idea.com\/ca\/wp-json\/wp\/v2\/pages"}],"about":[{"href":"https:\/\/on-idea.com\/ca\/wp-json\/wp\/v2\/types\/page"}],"author":[{"embeddable":true,"href":"https:\/\/on-idea.com\/ca\/wp-json\/wp\/v2\/users\/1"}],"replies":[{"embeddable":true,"href":"https:\/\/on-idea.com\/ca\/wp-json\/wp\/v2\/comments?post=3617"}],"version-history":[{"count":3,"href":"https:\/\/on-idea.com\/ca\/wp-json\/wp\/v2\/pages\/3617\/revisions"}],"predecessor-version":[{"id":3799,"href":"https:\/\/on-idea.com\/ca\/wp-json\/wp\/v2\/pages\/3617\/revisions\/3799"}],"wp:attachment":[{"href":"https:\/\/on-idea.com\/ca\/wp-json\/wp\/v2\/media?parent=3617"}],"curies":[{"name":"wp","href":"https:\/\/api.w.org\/{rel}","templated":true}]}}