{"id":3237,"date":"2022-05-02T16:49:42","date_gmt":"2022-05-02T16:49:42","guid":{"rendered":"https:\/\/on-idea.com\/aviso-legal\/"},"modified":"2022-05-11T08:49:44","modified_gmt":"2022-05-11T08:49:44","slug":"avis-legal","status":"publish","type":"page","link":"https:\/\/on-idea.com\/ca\/avis-legal\/","title":{"rendered":"Av\u00eds legal"},"content":{"rendered":"<div class=\"mkd-separator-holder clearfix  separador_top mkd-separator-center mkd-separator-full-width\">\n\t<div class=\"mkd-separator\" style=\"border-bottom-width: 0px;margin-bottom: 100px\"><\/div>\n<\/div>\n\n<h3><span style=\"color: #000000;\"><br \/>\nAv\u00eds legal<\/span><\/h3>\n<h2>Pol\u00edtica de privacitat i av\u00eds legal<\/h2>\n<p><span style=\"color: #000000;\">L&#8217;objectiu d&#8217;aquesta Pol\u00edtica de privacitat \u00e9s descriure la gesti\u00f3 d&#8217;aquest lloc web pel que fa al processament de les dades personals dels seus usuaris, en compliment del regulat pel Reglament UE 2016\/679, per a aquells que es connecten al lloc web corporatiu de Onidea Disseny i Comunicaci\u00f3,SL (Onidea) en l&#8217;adre\u00e7a\u00a0www.on-idea.com<br \/>\n<\/span><\/p>\n<p><span style=\"color: #000000;\">Dades de contacte per als usuaris que es connectin a trav\u00e9s de la web\u00a0www.on-idea.com<\/span><\/p>\n<p><span style=\"color: #000000;\">Onidea Disseny i Comunicaci\u00f3,SL<\/span><br \/>\n<span style=\"color: #000000;\">CIF:B63004683<\/span><br \/>\n<span style=\"color: #000000;\">C\/ Camps i Fabr\u00e9s,3\u00a0 1\u00ba-3\u00aa, 08006 de Barcelona (Espa\u00f1a)<\/span><br \/>\n<span style=\"color: #000000;\">+34 935 341 533<\/span><br \/>\n<span style=\"color: #000000;\">info@on-idea.com<\/span><\/p>\n<p><span style=\"color: #000000;\">Els usuaris han de llegir aquesta Pol\u00edtica de privacitat acuradament abans d&#8217;enviar qualsevol informaci\u00f3 personal i \/ o completar qualsevol formulari electr\u00f2nic en el lloc web.<\/span><\/p>\n<h2><span style=\"color: #000000;\">Recollida de dades i usos previstos <\/span><\/h2>\n<p><span style=\"color: #000000;\">La recollida de dades personals es produeix a trav\u00e9s de l&#8217;emplenament dels formularis que figuren en la p\u00e0gina Web. La transmissi\u00f3 efectiva de les dades t\u00e9 lloc quan l&#8217;usuari prem el bot\u00f3 \u201cENVIAR EMAIL\u201d que es troba en el formulari. Les dades que se sol\u00b7liciten s\u00f3n els adequats, pertinents i no excessius en relaci\u00f3 amb l&#8217;\u00e0mbit, les finalitats i serveis determinats, expl\u00edcits i leg\u00edtims de Onidea. L&#8217;usuari haur\u00e0 d&#8217;emplenar el formulari amb dades veritables, exactes, complets i actualitzats, responent dels danys i perjudicis que pogu\u00e9s ocasionar a causa de l&#8217;emplenament defectu\u00f3s del formulari amb dades falses, inexactes, incomplets o no actualitzats.<\/span><\/p>\n<h2>M\u00e8todes de tractament de dades<\/h2>\n<p><span style=\"color: #000000;\">El processament de dades personals es realitza utilitzant eines automatitzades (per exemple, utilitzant procediments electr\u00f2nics i mitjans d&#8217;emmagatzematge) i \/ o manualment (per exemple, en paper) durant el temps estrictament necessari per a aconseguir els fins per als quals es van recopilar les dades i, en qualsevol cas, de conformitat amb la normativa vigent. En relaci\u00f3 amb aquest processament, Onidea ha pres les mesures de seguretat exigides per llei, per a garantir la integritat i confidencialitat de les dades.<\/span><\/p>\n<h6><span style=\"color: #000000;\">A. Contacte.\u00a0<\/span><\/h6>\n<p><span style=\"color: #000000;\">En aquest formulari es recullen dades d\u2019interessats en contactar i sol\u00b7licitar informaci\u00f3 a Onidea, les dades seran tractades amb la finalitat de gestionar el formulari de contacte i l&#8217;enviament de la informaci\u00f3 sol\u00b7licitada i de les activitats i serveis de l&#8217;empresa d&#8217;acord amb els termes expressats en l&#8217;apartat B.<\/span><\/p>\n<p><span style=\"color: #000000;\">Aquesta acci\u00f3 implica l&#8217;adquisici\u00f3 per Onidea de l&#8217;adre\u00e7a del remitent i \/ o altres dades personals. Aquestes dades es processaran exclusivament per a respondre a la sol\u00b7licitud particular o per a proporcionar el servei.<\/span><\/p>\n<p><span style=\"color: #000000;\">S&#8217;entendr\u00e0 expressament acceptat el tractament de dades amb les finalitats anteriorment indicades, en pr\u00e9mer el bot\u00f3 \u201cENVIAR EMAIL\u201d que figura en el formulari de recollida de dades.<br \/>\n<\/span><\/p>\n<h6><span style=\"color: #000000;\">B. Tractament de dades per a enviament de comunicacions comercials.<\/span><\/h6>\n<p><span style=\"color: #000000;\">Onidea podr\u00e0 utilitzar les dades de car\u00e0cter identificatiu de l&#8217;usuari (nom i correu electr\u00f2nic) per a l&#8217;enviament d&#8217;informaci\u00f3 comercial de serveis propis d\u2019Onidea o comercialitzats per aquesta. S&#8217;entendr\u00e0 expressament acceptat el tractament de dades amb les finalitats anteriorment indicades en pr\u00e9mer el bot\u00f3 \u201cENVIAR EMAIL\u201d que figuren en el formulari de recollida de dades. De conformitat amb els requisits exigits en l&#8217;article 21 de la Llei 34\/2002, de Serveis de la Societat de la Informaci\u00f3 i de Comer\u00e7 Electr\u00f2nic, en pr\u00e9mer el bot\u00f3 \u201cENVIAR EMAIL\u201d consenteix l&#8217;enviament de comunicacions comercials per correu electr\u00f2nic i altres mitjans electr\u00f2nics equivalents. Els usuaris podran oposar-se al tractament de les seves dades amb les finalitats abans indicades, dirigint-se per escrit postal a l&#8217;adre\u00e7a d\u2019Onidea, C\/ Camps i Fabr\u00e9s,3 1r-3a 08006 de Barcelona, acreditant la seva identitat amb una fotoc\u00f2pia del DNI, o b\u00e9 contestant al missatge electr\u00f2nic rebut amb l&#8217;assumpte \u201cNO PUBLICITAT\u201d, o mitjan\u00e7ant el procediment que en cada cas habiliti Onidea per a l&#8217;exercici d&#8217;aquest dret d&#8217;oposici\u00f3.<br \/>\n<\/span><\/p>\n<h2><span style=\"color: #000000;\">\u00das de la tecnologia cookie.<\/span><\/h2>\n<p>.<\/p>\n<h2><span style=\"color: #000000;\">Exercici de drets d&#8217;acc\u00e9s, rectificaci\u00f3, cancel\u00b7laci\u00f3 i oposici\u00f3.<\/span><\/h2>\n<p><span style=\"color: #000000;\">L&#8217;usuari o persona que el representi podr\u00e0 exercitar en qualsevol moment el dret d&#8217;acc\u00e9s, rectificaci\u00f3, cancel\u00b7laci\u00f3 i oposici\u00f3 d&#8217;acord amb el que s&#8217;estableix a la LOPD i altra normativa aplicable a aquest efecte, aquests drets poden fer-se efectius mitjan\u00e7ant una comunicaci\u00f3 escrita dirigida, i acompanyada de fotoc\u00f2pia del DNI, a Onidea, a l&#8217;adre\u00e7a C\/ Camps i Fabr\u00e9s,3 1r-3a, 08006 de Barcelona (Espanya), en la qual s&#8217;acrediti la identitat de l&#8217;usuari, o b\u00e9 a l&#8217;adre\u00e7a electr\u00f2nica info@on-idea.com. En el cas que Onidea prest\u00e9s algun tipus de servei especial que determini unes previsions espec\u00edfiques diferents, relatiu a la protecci\u00f3 de dades personals, tindr\u00e0 prioritat l&#8217;aplicaci\u00f3 de les normes particulars indicades per a aquest servei concret per sobre de les presents, en cas d&#8217;incongru\u00e8ncia. Onidea es reserva el dret a modificar la present pol\u00edtica de privacitat de dades per a adaptar-la a novetats legislatives i jurisprudencial,s aix\u00ed com a criteris interpretatius d&#8217;aquesta normativa que siguin publicats per l&#8217;Ag\u00e8ncia Espanyola de Protecci\u00f3 de Dades. En tal cas, Onidea anunciar\u00e0 aquests canvis en la Web amb suficient antelaci\u00f3 a la seva posada en pr\u00e0ctica.<br \/>\n<\/span><\/p>\n<p><span style=\"color: #000000;\"><br \/>\n1. <a style=\"color: #000000;\" href=\"https:\/\/on-idea.com\/ca\/politica-de-cookies\/\">Pol\u00edtica de cookies<\/a><br \/>\n<\/span><span style=\"color: #000000;\">2. <a style=\"color: #000000;\" href=\"https:\/\/on-idea.com\/ca\/politica-privacitat\/\">Pol\u00edtica de privacidad<\/a><\/span><\/p>\n<div class=\"mkd-separator-holder clearfix  mkd-separator-center mkd-separator-full-width\">\n\t<div class=\"mkd-separator\" style=\"border-bottom-width: 0px;margin-top: 10px;margin-bottom: 60px\"><\/div>\n<\/div>\n\n","protected":false},"excerpt":{"rendered":"<p>Av\u00eds legal Pol\u00edtica de privacitat i av\u00eds legal L&#8217;objectiu d&#8217;aquesta Pol\u00edtica de privacitat \u00e9s descriure la gesti\u00f3 d&#8217;aquest lloc web pel que fa al processament de les dades personals dels seus usuaris, en compliment del regulat pel Reglament UE 2016\/679, per a aquells que es&#8230;<\/p>\n","protected":false},"author":1,"featured_media":0,"parent":0,"menu_order":0,"comment_status":"closed","ping_status":"closed","template":"","meta":{"footnotes":""},"class_list":["post-3237","page","type-page","status-publish","hentry"],"yoast_head":"<!-- This site is optimized with the Yoast SEO plugin v27.4 - https:\/\/yoast.com\/product\/yoast-seo-wordpress\/ -->\n<title>Av\u00eds legal<\/title>\n<meta name=\"description\" content=\"Somos un estudio creativo de dise\u00f1o y audiovisuales. Llevamos 20 a\u00f1os creando y contando historias, d\u00e1ndoles vida y dise\u00f1ando soluciones para marcas, empresas y productos.\" \/>\n<meta name=\"robots\" content=\"index, follow, max-snippet:-1, max-image-preview:large, max-video-preview:-1\" \/>\n<link rel=\"canonical\" href=\"https:\/\/on-idea.com\/ca\/avis-legal\/\" \/>\n<meta property=\"og:locale\" content=\"ca_ES\" \/>\n<meta property=\"og:type\" content=\"article\" \/>\n<meta property=\"og:title\" content=\"Av\u00eds legal\" \/>\n<meta property=\"og:description\" content=\"Somos un estudio creativo de dise\u00f1o y audiovisuales. Llevamos 20 a\u00f1os creando y contando historias, d\u00e1ndoles vida y dise\u00f1ando soluciones para marcas, empresas y productos.\" \/>\n<meta property=\"og:url\" content=\"https:\/\/on-idea.com\/ca\/avis-legal\/\" \/>\n<meta property=\"og:site_name\" content=\"Onidea | Brands &amp; Stories\" \/>\n<meta property=\"article:publisher\" content=\"https:\/\/www.facebook.com\/onidea\/\" \/>\n<meta property=\"article:modified_time\" content=\"2022-05-11T08:49:44+00:00\" \/>\n<meta name=\"twitter:card\" content=\"summary_large_image\" \/>\n<meta name=\"twitter:label1\" content=\"Temps estimat de lectura\" \/>\n\t<meta name=\"twitter:data1\" content=\"4 minuts\" \/>\n<script type=\"application\/ld+json\" class=\"yoast-schema-graph\">{\"@context\":\"https:\\\/\\\/schema.org\",\"@graph\":[{\"@type\":\"WebPage\",\"@id\":\"https:\\\/\\\/on-idea.com\\\/ca\\\/avis-legal\\\/\",\"url\":\"https:\\\/\\\/on-idea.com\\\/ca\\\/avis-legal\\\/\",\"name\":\"Av\u00eds legal\",\"isPartOf\":{\"@id\":\"https:\\\/\\\/on-idea.com\\\/#website\"},\"datePublished\":\"2022-05-02T16:49:42+00:00\",\"dateModified\":\"2022-05-11T08:49:44+00:00\",\"description\":\"Somos un estudio creativo de dise\u00f1o y audiovisuales. Llevamos 20 a\u00f1os creando y contando historias, d\u00e1ndoles vida y dise\u00f1ando soluciones para marcas, empresas y productos.\",\"breadcrumb\":{\"@id\":\"https:\\\/\\\/on-idea.com\\\/ca\\\/avis-legal\\\/#breadcrumb\"},\"inLanguage\":\"ca\",\"potentialAction\":[{\"@type\":\"ReadAction\",\"target\":[\"https:\\\/\\\/on-idea.com\\\/ca\\\/avis-legal\\\/\"]}]},{\"@type\":\"BreadcrumbList\",\"@id\":\"https:\\\/\\\/on-idea.com\\\/ca\\\/avis-legal\\\/#breadcrumb\",\"itemListElement\":[{\"@type\":\"ListItem\",\"position\":1,\"name\":\"Portada\",\"item\":\"https:\\\/\\\/on-idea.com\\\/ca\\\/\"},{\"@type\":\"ListItem\",\"position\":2,\"name\":\"Av\u00eds legal\"}]},{\"@type\":\"WebSite\",\"@id\":\"https:\\\/\\\/on-idea.com\\\/#website\",\"url\":\"https:\\\/\\\/on-idea.com\\\/\",\"name\":\"Onidea | Brands &amp; Stories\",\"description\":\"Dise\u00f1o y audiovisuales\",\"publisher\":{\"@id\":\"https:\\\/\\\/on-idea.com\\\/#organization\"},\"potentialAction\":[{\"@type\":\"SearchAction\",\"target\":{\"@type\":\"EntryPoint\",\"urlTemplate\":\"https:\\\/\\\/on-idea.com\\\/?s={search_term_string}\"},\"query-input\":{\"@type\":\"PropertyValueSpecification\",\"valueRequired\":true,\"valueName\":\"search_term_string\"}}],\"inLanguage\":\"ca\"},{\"@type\":\"Organization\",\"@id\":\"https:\\\/\\\/on-idea.com\\\/#organization\",\"name\":\"Onidea\",\"url\":\"https:\\\/\\\/on-idea.com\\\/\",\"logo\":{\"@type\":\"ImageObject\",\"inLanguage\":\"ca\",\"@id\":\"https:\\\/\\\/on-idea.com\\\/#\\\/schema\\\/logo\\\/image\\\/\",\"url\":\"https:\\\/\\\/on-idea.com\\\/wp-content\\\/uploads\\\/2022\\\/05\\\/Logo_Onidea_full_merchan_black.png\",\"contentUrl\":\"https:\\\/\\\/on-idea.com\\\/wp-content\\\/uploads\\\/2022\\\/05\\\/Logo_Onidea_full_merchan_black.png\",\"width\":7087,\"height\":1597,\"caption\":\"Onidea\"},\"image\":{\"@id\":\"https:\\\/\\\/on-idea.com\\\/#\\\/schema\\\/logo\\\/image\\\/\"},\"sameAs\":[\"https:\\\/\\\/www.facebook.com\\\/onidea\\\/\",\"https:\\\/\\\/www.instagram.com\\\/onidea_bcn\\\/\"]}]}<\/script>\n<!-- \/ Yoast SEO plugin. -->","yoast_head_json":{"title":"Av\u00eds legal","description":"Somos un estudio creativo de dise\u00f1o y audiovisuales. Llevamos 20 a\u00f1os creando y contando historias, d\u00e1ndoles vida y dise\u00f1ando soluciones para marcas, empresas y productos.","robots":{"index":"index","follow":"follow","max-snippet":"max-snippet:-1","max-image-preview":"max-image-preview:large","max-video-preview":"max-video-preview:-1"},"canonical":"https:\/\/on-idea.com\/ca\/avis-legal\/","og_locale":"ca_ES","og_type":"article","og_title":"Av\u00eds legal","og_description":"Somos un estudio creativo de dise\u00f1o y audiovisuales. Llevamos 20 a\u00f1os creando y contando historias, d\u00e1ndoles vida y dise\u00f1ando soluciones para marcas, empresas y productos.","og_url":"https:\/\/on-idea.com\/ca\/avis-legal\/","og_site_name":"Onidea | Brands &amp; Stories","article_publisher":"https:\/\/www.facebook.com\/onidea\/","article_modified_time":"2022-05-11T08:49:44+00:00","twitter_card":"summary_large_image","twitter_misc":{"Temps estimat de lectura":"4 minuts"},"schema":{"@context":"https:\/\/schema.org","@graph":[{"@type":"WebPage","@id":"https:\/\/on-idea.com\/ca\/avis-legal\/","url":"https:\/\/on-idea.com\/ca\/avis-legal\/","name":"Av\u00eds legal","isPartOf":{"@id":"https:\/\/on-idea.com\/#website"},"datePublished":"2022-05-02T16:49:42+00:00","dateModified":"2022-05-11T08:49:44+00:00","description":"Somos un estudio creativo de dise\u00f1o y audiovisuales. Llevamos 20 a\u00f1os creando y contando historias, d\u00e1ndoles vida y dise\u00f1ando soluciones para marcas, empresas y productos.","breadcrumb":{"@id":"https:\/\/on-idea.com\/ca\/avis-legal\/#breadcrumb"},"inLanguage":"ca","potentialAction":[{"@type":"ReadAction","target":["https:\/\/on-idea.com\/ca\/avis-legal\/"]}]},{"@type":"BreadcrumbList","@id":"https:\/\/on-idea.com\/ca\/avis-legal\/#breadcrumb","itemListElement":[{"@type":"ListItem","position":1,"name":"Portada","item":"https:\/\/on-idea.com\/ca\/"},{"@type":"ListItem","position":2,"name":"Av\u00eds legal"}]},{"@type":"WebSite","@id":"https:\/\/on-idea.com\/#website","url":"https:\/\/on-idea.com\/","name":"Onidea | Brands &amp; Stories","description":"Dise\u00f1o y audiovisuales","publisher":{"@id":"https:\/\/on-idea.com\/#organization"},"potentialAction":[{"@type":"SearchAction","target":{"@type":"EntryPoint","urlTemplate":"https:\/\/on-idea.com\/?s={search_term_string}"},"query-input":{"@type":"PropertyValueSpecification","valueRequired":true,"valueName":"search_term_string"}}],"inLanguage":"ca"},{"@type":"Organization","@id":"https:\/\/on-idea.com\/#organization","name":"Onidea","url":"https:\/\/on-idea.com\/","logo":{"@type":"ImageObject","inLanguage":"ca","@id":"https:\/\/on-idea.com\/#\/schema\/logo\/image\/","url":"https:\/\/on-idea.com\/wp-content\/uploads\/2022\/05\/Logo_Onidea_full_merchan_black.png","contentUrl":"https:\/\/on-idea.com\/wp-content\/uploads\/2022\/05\/Logo_Onidea_full_merchan_black.png","width":7087,"height":1597,"caption":"Onidea"},"image":{"@id":"https:\/\/on-idea.com\/#\/schema\/logo\/image\/"},"sameAs":["https:\/\/www.facebook.com\/onidea\/","https:\/\/www.instagram.com\/onidea_bcn\/"]}]}},"_links":{"self":[{"href":"https:\/\/on-idea.com\/ca\/wp-json\/wp\/v2\/pages\/3237","targetHints":{"allow":["GET"]}}],"collection":[{"href":"https:\/\/on-idea.com\/ca\/wp-json\/wp\/v2\/pages"}],"about":[{"href":"https:\/\/on-idea.com\/ca\/wp-json\/wp\/v2\/types\/page"}],"author":[{"embeddable":true,"href":"https:\/\/on-idea.com\/ca\/wp-json\/wp\/v2\/users\/1"}],"replies":[{"embeddable":true,"href":"https:\/\/on-idea.com\/ca\/wp-json\/wp\/v2\/comments?post=3237"}],"version-history":[{"count":6,"href":"https:\/\/on-idea.com\/ca\/wp-json\/wp\/v2\/pages\/3237\/revisions"}],"predecessor-version":[{"id":3797,"href":"https:\/\/on-idea.com\/ca\/wp-json\/wp\/v2\/pages\/3237\/revisions\/3797"}],"wp:attachment":[{"href":"https:\/\/on-idea.com\/ca\/wp-json\/wp\/v2\/media?parent=3237"}],"curies":[{"name":"wp","href":"https:\/\/api.w.org\/{rel}","templated":true}]}}